{"id":565,"date":"2016-12-05T21:34:18","date_gmt":"2016-12-05T21:34:18","guid":{"rendered":"http:\/\/blogs.goucher.edu\/verge\/?page_id=565"},"modified":"2023-12-12T19:05:57","modified_gmt":"2023-12-12T19:05:57","slug":"verge-13","status":"publish","type":"page","link":"https:\/\/blogs.goucher.edu\/verge\/verge-13\/","title":{"rendered":"Verge 13"},"content":{"rendered":"<h3>Verge 13 Contents<\/h3>\n<p>Xiao Grant, <a href=\"https:\/\/blogs.goucher.edu\/verge\/xiaofactors\/\">Factors Influencing the Evolution of Heavy Metal Hyperaccumulation in Plants<\/a><\/p>\n<p>Natalie Clements, <a href=\"https:\/\/blogs.goucher.edu\/verge\/past-issues\/rainbow-herring-the-anti-homosexuality-bill-as-a-case-study-of-human-rights-violations-and-cover-ups-in-uganda-2\/\">Factors Influencing Microenterprise Survival in the Informal Sector in Uganda<\/a><\/p>\n<p>Yuka Sugino, <a href=\"https:\/\/blogs.goucher.edu\/verge\/past-issues\/painting-over-racialized-power-structures-the-environmental-injustice-of-lead-poisoning-in-the-city-of-baltimore\/\">Painting Over Racialized Power Structures: The Environmental Injustice of Lead Poisoning in the City of Baltimore<\/a><\/p>\n<p>Molly Walsh-Warder, <a href=\"https:\/\/blogs.goucher.edu\/verge\/past-issues\/the-disproportionate-impact-of-hurricane-katrina-on-people-with-disabilities\/\">The Disproportionate Impact of Hurricane Katrina on People with Disabilities<\/a><\/p>\n<p>Zachary Reese, <a href=\"https:\/\/blogs.goucher.edu\/verge\/past-issues\/reduire-les-attitudes-discriminatoires-par-la-pratique-de-la-meditation-le-role-des-fonctions-executives\/\">R\u00e9duire les attitudes discriminatoires par la pratique de la m\u00e9ditation : le r\u00f4le des fonctions ex\u00e9cutives<\/a><\/p>\n<p>Mark Blair, <a href=\"https:\/\/blogs.goucher.edu\/verge\/past-issues\/crossroads-of-boulez-and-cage-automatism-in-music\/\">Crossroads of Boulez and Cage: Automatism in Music<\/a><\/p>\n<p>Yve Lepkowsky, <a href=\"https:\/\/blogs.goucher.edu\/verge\/past-issues\/converging-regulations-for-the-chemical-industries-of-asean-feasibility-from-a-political-perspective\/\">Converging Regulations for the Chemical Industries of ASEAN: Feasibility from a Political Perspective<\/a><\/p>\n<p>Zoe Jacobson, Subsidize Menstruation, Period.<\/p>\n<p>Michelle Adamson, <a href=\"https:\/\/blogs.goucher.edu\/verge\/los-beneficios-y-los-desafios-de-la-educacion-bilingue-en-los-e-e-u-u\/\">Los beneficios y los desaf\u00edos de la educaci\u00f3n biling\u00fce en los E.E.U.U.<\/a><\/p>\n<p>Jordan Javelet, <a href=\"https:\/\/blogs.goucher.edu\/verge\/past-issues\/ecological-and-evolutionary-trends-of-lyme-disease-in-the-northeastern-united-states\/\">Ecological and Evolutionary Trends of Lyme disease in the Northeastern United States<\/a><\/p>\n<p>Jordan Javelet, <a href=\"https:\/\/blogs.goucher.edu\/verge\/past-issues\/how-much-i-shall-have-to-telland-how-much-i-shall-have-to-conceal-the-interpretation\/\">\u2018How much I shall have to tell!\u2019\u2026\u2018And how much I shall have to conceal\u2019: The Interpretation of Speech and Gesture in Austen\u2019s <em>Pride and Prejudice<\/em><\/a><\/p>\n<p>Ashley Begley, <a href=\"https:\/\/blogs.goucher.edu\/verge\/past-issues\/veiling-and-vampirism-imperialism-and-resistance-in-a-girl-walks-home-alone-at-night\/\">Veiling and Vampirism: Imperialism and Resistance in <em>A Girl Walks Home Alone at Night<\/em><\/a><\/p>\n<h3>Senior Editors:<\/h3>\n<table style=\"width: 100%\" border=\"0\">\n<tbody>\n<tr>\n<td valign=\"top\">Rachel Brustein<br \/>\nJacqueline Cast<br \/>\n(Xavier) Blake Flournoy<br \/>\nSusan Garrett<br \/>\nNatalie Guajardo<br \/>\nMaegan James<br \/>\nClea Lerner<br \/>\nTracy Staples<br \/>\nCharlee Sterling<\/p>\n<h3>Copy Editors:<\/h3>\n<p>Jacqueline Cast<br \/>\nErika DiPasquale<br \/>\nRachel Angelica Engle<br \/>\nAdam Geller<br \/>\nElia Goffi<br \/>\nRebecca Gurvets<br \/>\nAlyssa Krasnansky<br \/>\nClea Lerner<br \/>\nHaley Rice<br \/>\nJamie Tull<\/td>\n<\/tr>\n<\/tbody>\n<\/table>\n<h3>Reviewers<\/h3>\n<table style=\"width: 100%\" border=\"0\">\n<tbody>\n<tr>\n<td valign=\"top\">Eric Adams<br \/>\nKatie Aman<br \/>\nJackie Andrews<br \/>\nRamona Baker<br \/>\nAJ Bhadai<br \/>\nLinda Bruce<br \/>\nMina Brunyate<br \/>\nRachel Brustein<br \/>\nJacqueline Cast<br \/>\nKatherine Choe<br \/>\nVictoria Cooke<br \/>\nJohn Corcoran<br \/>\nAndres Cordoba<br \/>\nKathy Cottle<br \/>\nRosalie Cryan<br \/>\nMichael Curry<br \/>\nAnnalisa Czeczulin<br \/>\nEvan Dawley<br \/>\nElizabeth De Coster<br \/>\nErika DiPasquale<br \/>\nAnn Duncan<br \/>\nRachel Angelica Engle<br \/>\nEvan Fagan<br \/>\nKat Flanagan<br \/>\n(Xavier) Blake Flournoy<br \/>\nCass Freedland<br \/>\nSusan Garrett<br \/>\nAdam Geller<br \/>\nElia Goffi<br \/>\nPatty Greenberg<br \/>\nRachel Grosso<br \/>\nNatalie Guajardo<br \/>\nRebecca Gurvets<br \/>\nEdra Howry<br \/>\nKatrina Jackson<br \/>\nHarmony Jackson<br \/>\nZoe Jacobson<br \/>\nMaegan James<\/td>\n<td style=\"padding-top: 40px\" valign=\"top\">Jordan Javelet<br \/>\nAlice Johnston<br \/>\nAlyssa Krasnansky<br \/>\nChris Landers<br \/>\nJ.D.LeFrere<br \/>\nJenny Lenkowski<br \/>\nClea Lerner<br \/>\nJerel McCord<br \/>\nShayna Meisel<br \/>\nPegg Melfa<br \/>\nAlegria Mendez<br \/>\nLindsey Mills<br \/>\nIsabel Moreno-Lopez<br \/>\nJulia Piper<br \/>\nAntje Rauwerda<br \/>\nTamar Reisner-Stehman<br \/>\nHaley Rice<br \/>\nElise Roberto<br \/>\nSophie Roth<br \/>\nArnie Sanders<br \/>\nSabrina Silva<br \/>\nMarissa Spear<br \/>\nMadeline St. John<br \/>\nTracy Staples<br \/>\nCharlee Sterling<br \/>\nBen Sugerman<br \/>\nJamie Tull<br \/>\nRory Turner<br \/>\nRae Walker<br \/>\nThomas Walker<br \/>\nAnne Werkheiser<br \/>\nLaura Williams<br \/>\nHannah Woodson<\/td>\n<\/tr>\n<\/tbody>\n<\/table>\n","protected":false},"excerpt":{"rendered":"<p>Verge 13 Contents Xiao Grant, Factors Influencing the Evolution of Heavy Metal Hyperaccumulation in Plants Natalie Clements, Factors Influencing Microenterprise Survival in the Informal Sector in Uganda Yuka Sugino, Painting [&hellip;]<\/p>\n","protected":false},"author":324,"featured_media":0,"parent":0,"menu_order":0,"comment_status":"closed","ping_status":"closed","template":"","meta":{"_monsterinsights_skip_tracking":false,"_monsterinsights_sitenote_active":false,"_monsterinsights_sitenote_note":"","_monsterinsights_sitenote_category":0,"footnotes":""},"class_list":["post-565","page","type-page","status-publish","hentry"],"_links":{"self":[{"href":"https:\/\/blogs.goucher.edu\/verge\/wp-json\/wp\/v2\/pages\/565","targetHints":{"allow":["GET"]}}],"collection":[{"href":"https:\/\/blogs.goucher.edu\/verge\/wp-json\/wp\/v2\/pages"}],"about":[{"href":"https:\/\/blogs.goucher.edu\/verge\/wp-json\/wp\/v2\/types\/page"}],"author":[{"embeddable":true,"href":"https:\/\/blogs.goucher.edu\/verge\/wp-json\/wp\/v2\/users\/324"}],"replies":[{"embeddable":true,"href":"https:\/\/blogs.goucher.edu\/verge\/wp-json\/wp\/v2\/comments?post=565"}],"version-history":[{"count":28,"href":"https:\/\/blogs.goucher.edu\/verge\/wp-json\/wp\/v2\/pages\/565\/revisions"}],"predecessor-version":[{"id":1281,"href":"https:\/\/blogs.goucher.edu\/verge\/wp-json\/wp\/v2\/pages\/565\/revisions\/1281"}],"wp:attachment":[{"href":"https:\/\/blogs.goucher.edu\/verge\/wp-json\/wp\/v2\/media?parent=565"}],"curies":[{"name":"wp","href":"https:\/\/api.w.org\/{rel}","templated":true}]}}