{"id":318,"date":"2016-01-05T17:30:06","date_gmt":"2016-01-05T17:30:06","guid":{"rendered":"http:\/\/blogs.goucher.edu\/verge\/?page_id=318"},"modified":"2023-12-12T19:08:06","modified_gmt":"2023-12-12T19:08:06","slug":"11-2","status":"publish","type":"page","link":"https:\/\/blogs.goucher.edu\/verge\/11-2\/","title":{"rendered":"Verge 11"},"content":{"rendered":"<h3>Verge 11 Contents<\/h3>\n<p>Ellen Bast, <a href=\"https:\/\/blogs.goucher.edu\/verge\/files\/2016\/01\/EC001_CR.pdf\" target=\"_blank\" rel=\"noopener\">Externalities from Concentrated Animal Feeding Operations<\/a><\/p>\n<p>Kathryn Walker, <a href=\"https:\/\/blogs.goucher.edu\/verge\/files\/2015\/11\/FRE001_CR.pdf\" target=\"_blank\" rel=\"noopener\">Le corps, les r\u00eaves, et les r\u00e9cits: La recherche d&#8217;une identit\u00e9 \u00abconstruite\u00bb dans<em> L&#8217;Enfant de Sable<\/em><\/a><\/p>\n<p>Collin Hayes, <a href=\"https:\/\/blogs.goucher.edu\/verge\/files\/2015\/11\/fyc001_CR.pdf\" target=\"_blank\" rel=\"noopener\"><em>Gymnema Sylvestre<\/em>: An Ancient Herbal Remedy for Diabetes Mellitus<\/a><\/p>\n<p>Aaron Bornstein, <a href=\"https:\/\/blogs.goucher.edu\/verge\/files\/2015\/11\/HIS002_CR.pdf\" target=\"_blank\" rel=\"noopener\">The Cantonist Struggle and the Birth of the New Jew<\/a><\/p>\n<p>Maia Gibbons, <a href=\"https:\/\/blogs.goucher.edu\/verge\/files\/2015\/11\/PCE002_CR.pdf\" target=\"_blank\" rel=\"noopener\">Review of the Obama Administration&#8217;s 2010-2015 National HIV\/AIDS Strategy<\/a><\/p>\n<p>Andrew Huff, <a href=\"https:\/\/blogs.goucher.edu\/verge\/files\/2015\/11\/PSC001__CR.pdf\" target=\"_blank\" rel=\"noopener\">Unity in Plurality: <em>Bahasa Indonesia<\/em>&#8216;s many incarnations<\/a><\/p>\n<p>Alissa Murray, <a href=\"https:\/\/blogs.goucher.edu\/verge\/files\/2015\/11\/SP_001_CR.pdf\" target=\"_blank\" rel=\"noopener\">La agencia, la liberaci\u00f3n, y un beso de la mujer ara\u00f1a<\/a><\/p>\n<p>Jordan Javelet,\u00a0<a href=\"https:\/\/blogs.goucher.edu\/verge\/files\/2015\/11\/ULE005_CR.pdf\" target=\"_blank\" rel=\"noopener\">Double Consciousness and the Perception of Identity in Nella Larsen&#8217;s <em>Passing<\/em><\/a><\/p>\n<p>Emma Trisolini, <a href=\"https:\/\/blogs.goucher.edu\/verge\/files\/2015\/11\/WS001_CR.pdf\" target=\"_blank\" rel=\"noopener\">History, Herstory, Hairstory: A History and Analysis of Body and Pubic Hair Removal in the United State<\/a><\/p>\n<table style=\"width: 100%;margin-top: 30px\" border=\"0\">\n<tbody>\n<tr>\n<td valign=\"top\"><strong>Senior Editors:<\/strong><\/p>\n<p>Rosalie Cryan<br \/>\nSusan Garrett<br \/>\nNatalie Guajardo<br \/>\nWilliam Harris<br \/>\nRachel Smith<br \/>\nTracy Staples<br \/>\nCharlee Sterling<br \/>\nMichelle Tirto<\/p>\n<p><strong>Copy Editors:<\/strong><\/p>\n<p>Emily Clarin<br \/>\nVictoria Cooke<br \/>\nLily Dodge<br \/>\nTasha Gross<br \/>\nJordan Javelet<br \/>\nShayna Meisel<br \/>\nLeigh Oehrig<\/p>\n<p>&nbsp;<\/td>\n<\/tr>\n<tr>\n<td valign=\"top\"><strong>Reviewers<\/strong><\/p>\n<p>Eric Adams<br \/>\nMary Adkins<br \/>\nNakpangi Ali<br \/>\nJackie Andrews<br \/>\nElizabeth Bellsey<br \/>\nClay Berg<br \/>\nAJ Bhadai<br \/>\nHeather Bobula<br \/>\nRachel Brustein<br \/>\nDorie Chevlen<br \/>\nEmily Clarin<br \/>\nMadeline Clewell<br \/>\nVictoria Cooke<br \/>\nRachel Cooke<br \/>\nJohn Corcoran<br \/>\nAndres Cordoba Arroyo<br \/>\nKathy Cottle<br \/>\nRosalie Cryan<br \/>\nAnnalisa Czeczulin<br \/>\nEvan Dawley<br \/>\nBianca DeJesus<br \/>\nJenna DePasquale<br \/>\nStephanie Detwiler<br \/>\nJeffrey Dowd<br \/>\nMaggie Dull<br \/>\nAnn Duncan<br \/>\nKat Flanagan<br \/>\nKathy Flann<br \/>\nSusan Garrett<br \/>\nAdam Geller<br \/>\nNyasha Grayman-Simpson<br \/>\nNatalie Guajardo<br \/>\nWilliam Harris<br \/>\nMicah Heaney<br \/>\nEdra Howry<br \/>\nCorey Isaacs<br \/>\nHarmony Jackson<br \/>\nJordan Javelet<br \/>\nCynthia Kicklighter<br \/>\nSammy Kohn-Levitt<br \/>\nCyndi Koster<br \/>\nAlyssa Krasnansky<\/td>\n<td style=\"padding-top: 40px\" valign=\"top\">Chris Landers<br \/>\nJenny Lenkowski<br \/>\nClea Lerner<br \/>\nTalia Makowsky<br \/>\nAngela Martino<br \/>\nJerel McCord<br \/>\nJaclynn Mehl<br \/>\nShayna Meisel<br \/>\nIsabel Moreno-Lopez<br \/>\nMichelle Mulreaney<br \/>\nLeigh Oehrig<br \/>\nJulia Piper<br \/>\nLizzy Purcell<br \/>\nTamar Reisner-Stehman<br \/>\nHaley Rice<br \/>\nElise Roberto<br \/>\nBen Saeks<br \/>\nArnie Sanders<br \/>\nRachel Smith<br \/>\nGuadalupe Sosa<br \/>\nGabrielle Spear<br \/>\nMadeline St. John<br \/>\nTracy Staples<br \/>\nCharlee Sterling<br \/>\nMichelle Tirto<br \/>\nStaci Tomasetti<br \/>\nJamie Tull<br \/>\nAnne Werkheiser<br \/>\nHannah Woodson<\/td>\n<\/tr>\n<\/tbody>\n<\/table>\n","protected":false},"excerpt":{"rendered":"<p>Verge 11 Contents Ellen Bast, Externalities from Concentrated Animal Feeding Operations Kathryn Walker, Le corps, les r\u00eaves, et les r\u00e9cits: La recherche d&#8217;une identit\u00e9 \u00abconstruite\u00bb dans L&#8217;Enfant de Sable Collin [&hellip;]<\/p>\n","protected":false},"author":345,"featured_media":0,"parent":0,"menu_order":1,"comment_status":"closed","ping_status":"closed","template":"","meta":{"_monsterinsights_skip_tracking":false,"_monsterinsights_sitenote_active":false,"_monsterinsights_sitenote_note":"","_monsterinsights_sitenote_category":0,"footnotes":""},"class_list":["post-318","page","type-page","status-publish","hentry"],"_links":{"self":[{"href":"https:\/\/blogs.goucher.edu\/verge\/wp-json\/wp\/v2\/pages\/318","targetHints":{"allow":["GET"]}}],"collection":[{"href":"https:\/\/blogs.goucher.edu\/verge\/wp-json\/wp\/v2\/pages"}],"about":[{"href":"https:\/\/blogs.goucher.edu\/verge\/wp-json\/wp\/v2\/types\/page"}],"author":[{"embeddable":true,"href":"https:\/\/blogs.goucher.edu\/verge\/wp-json\/wp\/v2\/users\/345"}],"replies":[{"embeddable":true,"href":"https:\/\/blogs.goucher.edu\/verge\/wp-json\/wp\/v2\/comments?post=318"}],"version-history":[{"count":2,"href":"https:\/\/blogs.goucher.edu\/verge\/wp-json\/wp\/v2\/pages\/318\/revisions"}],"predecessor-version":[{"id":1283,"href":"https:\/\/blogs.goucher.edu\/verge\/wp-json\/wp\/v2\/pages\/318\/revisions\/1283"}],"wp:attachment":[{"href":"https:\/\/blogs.goucher.edu\/verge\/wp-json\/wp\/v2\/media?parent=318"}],"curies":[{"name":"wp","href":"https:\/\/api.w.org\/{rel}","templated":true}]}}