{"id":1350,"date":"2025-02-10T18:40:33","date_gmt":"2025-02-10T18:40:33","guid":{"rendered":"https:\/\/blogs.goucher.edu\/verge\/?page_id=1350"},"modified":"2025-02-10T18:40:33","modified_gmt":"2025-02-10T18:40:33","slug":"verge-16","status":"publish","type":"page","link":"https:\/\/blogs.goucher.edu\/verge\/verge-16\/","title":{"rendered":"Verge 16"},"content":{"rendered":"<h3>Verge 16 Contents<\/h3>\n<p>By Brynn Mattsen, <a href=\"https:\/\/blogs.goucher.edu\/verge\/wunderkammers-and-contested-sacrality-in-the-walters-art-museum\/\">Wunderkammers and Contested Sacrality in the Walters Art Museum<\/a><\/p>\n<p>By Ceri McCaffrey, <a href=\"https:\/\/blogs.goucher.edu\/verge\/the-role-and-activation-of-myosatellite-cells-in-muscle-regeneration\/\">The Role and Activation of Myosatellite Cells in Muscle Regeneration<\/a><\/p>\n<p>By Dario Toval, <a href=\"https:\/\/blogs.goucher.edu\/verge\/how-the-walking-dead-deconstructs-race\/\" rel=\"noopener\">How The Walking Dead Deconstructs Race<\/a><\/p>\n<p>By Dario Toval, <a href=\"https:\/\/blogs.goucher.edu\/verge\/why-the-food-pyramid-was-bullshit\/\">Why the Food Pyramid was Bullshit<\/a><\/p>\n<p>By Jonathan Yannes, <a href=\"https:\/\/blogs.goucher.edu\/verge\/gender-nonconformity-in-late-nineteenth-century-america\/\">Gender-Nonconformity in Late Nineteenth-Century America<\/a><\/p>\n<p>By Daniel Kim, <a href=\"https:\/\/blogs.goucher.edu\/verge\/woolf-and-bergman\/\">Woolf and Bergman<\/a><\/p>\n<p>By Greta Elbers, <a href=\"https:\/\/blogs.goucher.edu\/verge\/social-psychological-violence-through-the-control-of-musical-freedom\/\">Social Psychological Violence through the Control of Musical Freedom<\/a><\/p>\n<p>By Brynn Mattsen, <a href=\"https:\/\/blogs.goucher.edu\/verge\/dont-risk-disaster-early-advertisements-for-contraceptives-in-american-periodicals\/\">\u201cDon&#8217;t Risk Disaster\u201d: Early Advertisements for Contraceptives in American Periodicals<\/a><\/p>\n<p>By Kelly Holland, <a href=\"https:\/\/blogs.goucher.edu\/verge\/fidelidad-vs-comunicacion-familiarizacion-y-extranjerizacion-en-la-traduccion\/\">Fidelidad vs comunicaci\u00f3n: familiarizaci\u00f3n y extranjerizaci\u00f3n en la traducci\u00f3n<\/a><\/p>\n<p>By Oona McKay, <a href=\"https:\/\/blogs.goucher.edu\/verge\/not-for-what-they-containedthe-myth-building-of-the-new-york-grolier-club\/\">Not For What They Contained: The Myth-Building of the New York Grolier Club<\/a><\/p>\n<p>By Elena Pelton, <a href=\"https:\/\/blogs.goucher.edu\/verge\/magnitude-sound-symbolism-in-the-names-of-fictional-bears-and-mice\/\">Magnitude Sound Symbolism in the Names of Fictional Bears and Mice<\/a><\/p>\n<h3>Reviewers:<\/h3>\n<table style=\"width: 100%;\" border=\"0\">\n<tbody>\n<tr>\n<td>Mardiya Nassamu Adam<br \/>\nPeyton Barranco<br \/>\nCeleste Bawara<br \/>\nDerek Borowsky<br \/>\nTimo Carlin-Burns<br \/>\nKhine Cho<br \/>\nTanner Clark<br \/>\nJuliette Colas<br \/>\nMeredith Conde<br \/>\nKathy Cottle<br \/>\nAnnalisa Czeczulin<br \/>\nAviva Datlof<br \/>\nEvan Dawley<br \/>\nSantiago Dilworth<br \/>\nHadley Dowell<br \/>\nViki Eggert<br \/>\nDavid Einhorn<br \/>\nGeorge El-Khoury<br \/>\nGreta Elbers<br \/>\nSusan Eleuterio<br \/>\nTristram Evans<br \/>\nBrooke Goodwin<br \/>\nDylan Halsted<br \/>\nAdahne Hemp<br \/>\nSylvia Jones<br \/>\nHyemee Kim<br \/>\nJonathan Lindsay<br \/>\nAnn Liska<\/td>\n<td>Leila Malone<br \/>\nBrynn Mattsen<br \/>\nMyles Maxwell<br \/>\nMichael McCreary<br \/>\nFrances McPheely<br \/>\nShelby Meek<br \/>\nCitlali Miranda-Aldaco<br \/>\nIsabel Moreno-L\u00f3pez<br \/>\nAbby Morris<br \/>\nKaren O&#8217;Brien<br \/>\nDaniel Osmeyer<br \/>\nHeather Parkin<br \/>\nElena Pelton<br \/>\nKaren Phillips<br \/>\nSebastian Quiroz<br \/>\nSophie Ragot<br \/>\nAida Ramos-Sellman<br \/>\nJaida Rhea<br \/>\nSamuel Rose<br \/>\nJanine Sande<br \/>\nDonnie Scally<br \/>\nMeredith Schulhof<br \/>\nVeronica Segarra<br \/>\nBelle St. Jean<br \/>\nCharlee Sterling<br \/>\nCas Sturdivant<br \/>\nChristian Sweitzer<br \/>\nRebecca Woods<\/td>\n<\/tr>\n<\/tbody>\n<\/table>\n<h3>Copyeditors:<\/h3>\n<table style=\"width: 100%;\" border=\"0\">\n<tbody>\n<tr>\n<td>Celeste Bawara<br \/>\nDaryn Carter<br \/>\nLeila Malone<br \/>\nBrynn Mattsen<br \/>\nAbby Morris<\/td>\n<\/tr>\n<\/tbody>\n<\/table>\n","protected":false},"excerpt":{"rendered":"<p>Verge 16 Contents By Brynn Mattsen, Wunderkammers and Contested Sacrality in the Walters Art Museum By Ceri McCaffrey, The Role and Activation of Myosatellite Cells in Muscle Regeneration By Dario [&hellip;]<\/p>\n","protected":false},"author":3,"featured_media":0,"parent":0,"menu_order":0,"comment_status":"closed","ping_status":"closed","template":"","meta":{"_monsterinsights_skip_tracking":false,"_monsterinsights_sitenote_active":false,"_monsterinsights_sitenote_note":"","_monsterinsights_sitenote_category":0,"footnotes":""},"class_list":["post-1350","page","type-page","status-publish","hentry"],"_links":{"self":[{"href":"https:\/\/blogs.goucher.edu\/verge\/wp-json\/wp\/v2\/pages\/1350","targetHints":{"allow":["GET"]}}],"collection":[{"href":"https:\/\/blogs.goucher.edu\/verge\/wp-json\/wp\/v2\/pages"}],"about":[{"href":"https:\/\/blogs.goucher.edu\/verge\/wp-json\/wp\/v2\/types\/page"}],"author":[{"embeddable":true,"href":"https:\/\/blogs.goucher.edu\/verge\/wp-json\/wp\/v2\/users\/3"}],"replies":[{"embeddable":true,"href":"https:\/\/blogs.goucher.edu\/verge\/wp-json\/wp\/v2\/comments?post=1350"}],"version-history":[{"count":2,"href":"https:\/\/blogs.goucher.edu\/verge\/wp-json\/wp\/v2\/pages\/1350\/revisions"}],"predecessor-version":[{"id":1352,"href":"https:\/\/blogs.goucher.edu\/verge\/wp-json\/wp\/v2\/pages\/1350\/revisions\/1352"}],"wp:attachment":[{"href":"https:\/\/blogs.goucher.edu\/verge\/wp-json\/wp\/v2\/media?parent=1350"}],"curies":[{"name":"wp","href":"https:\/\/api.w.org\/{rel}","templated":true}]}}