{"id":1241,"date":"2023-11-28T20:27:21","date_gmt":"2023-11-28T20:27:21","guid":{"rendered":"https:\/\/blogs.goucher.edu\/verge\/?page_id=1241"},"modified":"2023-12-07T16:45:11","modified_gmt":"2023-12-07T16:45:11","slug":"fidelidad-vs-comunicacion-familiarizacion-y-extranjerizacion-en-la-traduccion","status":"publish","type":"page","link":"https:\/\/blogs.goucher.edu\/verge\/fidelidad-vs-comunicacion-familiarizacion-y-extranjerizacion-en-la-traduccion\/","title":{"rendered":"Fidelidad vs comunicaci\u00f3n: familiarizaci\u00f3n y extranjerizaci\u00f3n en la traducci\u00f3n"},"content":{"rendered":"<p><strong>By Kelly Holland<\/strong><\/p>\n<p>Read: <a href=\"https:\/\/blogs.goucher.edu\/verge\/files\/2023\/11\/Holland-Fidelidad.pdf\" target=\"_blank\" rel=\"noopener\">Fidelidad vs comunicaci\u00f3n: familiarizaci\u00f3n y extranjerizaci\u00f3n en la traducci\u00f3n<\/a><\/p>\n<p>Copyrights of all Verge articles and editorial material belong to the authors.<\/p>\n","protected":false},"excerpt":{"rendered":"<p>By Kelly Holland Read: Fidelidad vs comunicaci\u00f3n: familiarizaci\u00f3n y extranjerizaci\u00f3n en la traducci\u00f3n Copyrights of all Verge articles and editorial material belong to the authors.<\/p>\n","protected":false},"author":459,"featured_media":0,"parent":0,"menu_order":0,"comment_status":"closed","ping_status":"closed","template":"","meta":{"_monsterinsights_skip_tracking":false,"_monsterinsights_sitenote_active":false,"_monsterinsights_sitenote_note":"","_monsterinsights_sitenote_category":0,"footnotes":""},"class_list":["post-1241","page","type-page","status-publish","hentry"],"_links":{"self":[{"href":"https:\/\/blogs.goucher.edu\/verge\/wp-json\/wp\/v2\/pages\/1241","targetHints":{"allow":["GET"]}}],"collection":[{"href":"https:\/\/blogs.goucher.edu\/verge\/wp-json\/wp\/v2\/pages"}],"about":[{"href":"https:\/\/blogs.goucher.edu\/verge\/wp-json\/wp\/v2\/types\/page"}],"author":[{"embeddable":true,"href":"https:\/\/blogs.goucher.edu\/verge\/wp-json\/wp\/v2\/users\/459"}],"replies":[{"embeddable":true,"href":"https:\/\/blogs.goucher.edu\/verge\/wp-json\/wp\/v2\/comments?post=1241"}],"version-history":[{"count":3,"href":"https:\/\/blogs.goucher.edu\/verge\/wp-json\/wp\/v2\/pages\/1241\/revisions"}],"predecessor-version":[{"id":1260,"href":"https:\/\/blogs.goucher.edu\/verge\/wp-json\/wp\/v2\/pages\/1241\/revisions\/1260"}],"wp:attachment":[{"href":"https:\/\/blogs.goucher.edu\/verge\/wp-json\/wp\/v2\/media?parent=1241"}],"curies":[{"name":"wp","href":"https:\/\/api.w.org\/{rel}","templated":true}]}}